{"id":510,"date":"2020-01-21T15:54:46","date_gmt":"2020-01-21T15:54:46","guid":{"rendered":"http:\/\/dev.cleannetcanada.ca\/emploi\/"},"modified":"2020-01-31T16:03:42","modified_gmt":"2020-01-31T16:03:42","slug":"emploi","status":"publish","type":"page","link":"https:\/\/cleannetcanada.ca\/fr\/emploi\/","title":{"rendered":"Emploi"},"content":{"rendered":"<p>[et_pb_section fb_built=\u00a0\u00bb1&Prime; fullwidth=\u00a0\u00bbon\u00a0\u00bb admin_label=\u00a0\u00bbHeader\u00a0\u00bb _builder_version=\u00a0\u00bb3.27.4&Prime; background_image=\u00a0\u00bbhttps:\/\/cleannetcanada.ca\/wp-content\/uploads\/2019\/12\/opportunity.jpg\u00a0\u00bb custom_margin=\u00a0\u00bb|||\u00a0\u00bb custom_padding=\u00a0\u00bb|||\u00a0\u00bb][et_pb_fullwidth_header title=\u00a0\u00bbEmploi\u00a0\u00bb button_one_url=\u00a0\u00bb#\u00a0\u00bb button_two_url=\u00a0\u00bb#\u00a0\u00bb scroll_down_icon_size_tablet=\u00a0\u00bb\u00a0\u00bb scroll_down_icon_size_phone=\u00a0\u00bb\u00a0\u00bb scroll_down_icon_size_last_edited=\u00a0\u00bbon|phone\u00a0\u00bb _builder_version=\u00a0\u00bb3.27.4&Prime; title_font=\u00a0\u00bbUbuntu|700|||||||\u00a0\u00bb title_font_size=\u00a0\u00bb70px\u00a0\u00bb title_line_height=\u00a0\u00bb1.2em\u00a0\u00bb content_font=\u00a0\u00bb|600|||||||\u00a0\u00bb content_text_color=\u00a0\u00bb#000000&Prime; content_font_size=\u00a0\u00bb20px\u00a0\u00bb content_line_height=\u00a0\u00bb2em\u00a0\u00bb background_color=\u00a0\u00bbrgba(255,255,255,0)\u00a0\u00bb use_background_color_gradient=\u00a0\u00bbon\u00a0\u00bb background_color_gradient_start=\u00a0\u00bbrgba(255,255,255,0)\u00a0\u00bb background_color_gradient_end=\u00a0\u00bbrgba(255,255,255,0.7)\u00a0\u00bb background_color_gradient_type=\u00a0\u00bbradial\u00a0\u00bb background_color_gradient_direction_radial=\u00a0\u00bbright\u00a0\u00bb background_color_gradient_end_position=\u00a0\u00bb70%\u00a0\u00bb background_image=\u00a0\u00bbhttps:\/\/cleannetcanada.ca\/wp-content\/uploads\/2019\/09\/cleaning-services-01.png\u00a0\u00bb custom_button_one=\u00a0\u00bbon\u00a0\u00bb button_one_text_size=\u00a0\u00bb18px\u00a0\u00bb button_one_text_color=\u00a0\u00bb#ffffff\u00a0\u00bb button_one_bg_color=\u00a0\u00bb#f2835a\u00a0\u00bb button_one_bg_color_gradient_start=\u00a0\u00bb#f2835a\u00a0\u00bb button_one_bg_color_gradient_end=\u00a0\u00bb#fab993&Prime; button_one_bg_color_gradient_direction=\u00a0\u00bb90deg\u00a0\u00bb button_one_bg_color_gradient_overlays_image=\u00a0\u00bbon\u00a0\u00bb button_one_border_width=\u00a0\u00bb10px\u00a0\u00bb button_one_border_color=\u00a0\u00bb#f2835a\u00a0\u00bb button_one_border_radius=\u00a0\u00bb0px\u00a0\u00bb button_one_font=\u00a0\u00bbUbuntu|700|||||||\u00a0\u00bb custom_button_two=\u00a0\u00bbon\u00a0\u00bb button_two_text_size=\u00a0\u00bb18px\u00a0\u00bb button_two_text_color=\u00a0\u00bb#ffffff\u00a0\u00bb button_two_bg_color=\u00a0\u00bb#557df3&Prime; button_two_border_width=\u00a0\u00bb10px\u00a0\u00bb button_two_border_color=\u00a0\u00bb#557df3&Prime; button_two_border_radius=\u00a0\u00bb0px\u00a0\u00bb button_two_font=\u00a0\u00bbUbuntu|700|||||||\u00a0\u00bb background_layout=\u00a0\u00bblight\u00a0\u00bb custom_padding=\u00a0\u00bb6vw||6vw||true\u00a0\u00bb custom_padding_tablet=\u00a0\u00bb||||false\u00a0\u00bb custom_padding_phone=\u00a0\u00bb3vw||3vw||true\u00a0\u00bb custom_padding_last_edited=\u00a0\u00bbon|phone\u00a0\u00bb animation_style=\u00a0\u00bbfade\u00a0\u00bb title_font_size_tablet=\u00a0\u00bb35px\u00a0\u00bb title_font_size_phone=\u00a0\u00bb25px\u00a0\u00bb title_font_size_last_edited=\u00a0\u00bbon|phone\u00a0\u00bb content_font_size_tablet=\u00a0\u00bb16px\u00a0\u00bb content_font_size_phone=\u00a0\u00bb14px\u00a0\u00bb content_font_size_last_edited=\u00a0\u00bbon|phone\u00a0\u00bb button_one_text_size_tablet=\u00a0\u00bb\u00a0\u00bb button_one_text_size_phone=\u00a0\u00bb\u00a0\u00bb button_one_text_size_last_edited=\u00a0\u00bbon|desktop\u00a0\u00bb button_one_border_radius_hover=\u00a0\u00bb0px\u00a0\u00bb button_two_border_radius_hover=\u00a0\u00bb0px\u00a0\u00bb button_one_text_size__hover_enabled=\u00a0\u00bboff\u00a0\u00bb button_two_text_size__hover_enabled=\u00a0\u00bboff\u00a0\u00bb button_one_text_color__hover_enabled=\u00a0\u00bboff\u00a0\u00bb button_two_text_color__hover_enabled=\u00a0\u00bboff\u00a0\u00bb button_one_border_width__hover_enabled=\u00a0\u00bboff\u00a0\u00bb button_two_border_width__hover_enabled=\u00a0\u00bboff\u00a0\u00bb button_one_border_color__hover_enabled=\u00a0\u00bboff\u00a0\u00bb button_two_border_color__hover_enabled=\u00a0\u00bboff\u00a0\u00bb button_one_border_radius__hover_enabled=\u00a0\u00bbon\u00a0\u00bb button_one_border_radius__hover=\u00a0\u00bb0px\u00a0\u00bb button_two_border_radius__hover_enabled=\u00a0\u00bbon\u00a0\u00bb button_two_border_radius__hover=\u00a0\u00bb0px\u00a0\u00bb button_one_letter_spacing__hover_enabled=\u00a0\u00bboff\u00a0\u00bb button_two_letter_spacing__hover_enabled=\u00a0\u00bboff\u00a0\u00bb button_one_bg_color__hover_enabled=\u00a0\u00bboff\u00a0\u00bb button_two_bg_color__hover_enabled=\u00a0\u00bboff\u00a0\u00bb]<\/p>\n<p><strong>N\u2019attend plus avant de commencer cette nouvelle et excitante carri\u00e8re<\/strong><\/p>\n<p>[\/et_pb_fullwidth_header][\/et_pb_section][et_pb_section fb_built=\u00a0\u00bb1&Prime; admin_label=\u00a0\u00bbServices\u00a0\u00bb _builder_version=\u00a0\u00bb3.22&Prime; custom_padding=\u00a0\u00bb54px|0px|0|0px|false|false\u00a0\u00bb][et_pb_row column_structure=\u00a0\u00bb1_3,2_3&Prime; make_equal=\u00a0\u00bbon\u00a0\u00bb padding_top_bottom_link_2=\u00a0\u00bbtrue\u00a0\u00bb padding_left_right_link_2=\u00a0\u00bbtrue\u00a0\u00bb _builder_version=\u00a0\u00bb3.27.4&Prime; background_color=\u00a0\u00bb#ffffff\u00a0\u00bb background_color_gradient_direction=\u00a0\u00bb90deg\u00a0\u00bb custom_margin=\u00a0\u00bb|||15%\u00a0\u00bb custom_margin_tablet=\u00a0\u00bb80px|||10%\u00a0\u00bb custom_margin_phone=\u00a0\u00bb\u00a0\u00bb custom_margin_last_edited=\u00a0\u00bbon|phone\u00a0\u00bb custom_padding=\u00a0\u00bb0|0px|0|0px|true|false\u00a0\u00bb animation_style=\u00a0\u00bbslide\u00a0\u00bb animation_direction=\u00a0\u00bbright\u00a0\u00bb animation_intensity_slide=\u00a0\u00bb2%\u00a0\u00bb box_shadow_style=\u00a0\u00bbpreset3&Prime; box_shadow_vertical=\u00a0\u00bb20px\u00a0\u00bb box_shadow_blur=\u00a0\u00bb250px\u00a0\u00bb box_shadow_spread=\u00a0\u00bb0px\u00a0\u00bb box_shadow_color=\u00a0\u00bbrgba(48,106,255,0.16)\u00a0\u00bb][et_pb_column type=\u00a0\u00bb1_3&Prime; _builder_version=\u00a0\u00bb3.27.4&Prime; background_image=\u00a0\u00bbhttps:\/\/cleannetcanada.ca\/wp-content\/uploads\/2019\/12\/gray-high-rise.jpg\u00a0\u00bb custom_padding=\u00a0\u00bb|||\u00a0\u00bb custom_padding_tablet=\u00a0\u00bb0%||0%||true\u00a0\u00bb custom_padding_phone=\u00a0\u00bb0%||0%|\u00a0\u00bb custom_padding_last_edited=\u00a0\u00bboff|desktop\u00a0\u00bb padding_phone=\u00a0\u00bb0%||0%|\u00a0\u00bb padding_tablet=\u00a0\u00bb0%||0%||true\u00a0\u00bb padding_last_edited=\u00a0\u00bboff|desktop\u00a0\u00bb custom_padding__hover=\u00a0\u00bb|||\u00a0\u00bb][et_pb_divider show_divider=\u00a0\u00bboff\u00a0\u00bb _builder_version=\u00a0\u00bb3.12.2&Prime; height=\u00a0\u00bb300px\u00a0\u00bb][\/et_pb_divider][\/et_pb_column][et_pb_column type=\u00a0\u00bb2_3&Prime; _builder_version=\u00a0\u00bb3.25&Prime; custom_padding=\u00a0\u00bb60px|5%|60px|5%\u00a0\u00bb custom_padding__hover=\u00a0\u00bb|||\u00a0\u00bb][et_pb_text _builder_version=\u00a0\u00bb4.2.2&Prime; text_font=\u00a0\u00bb||||||||\u00a0\u00bb text_font_size=\u00a0\u00bb15px\u00a0\u00bb text_line_height=\u00a0\u00bb2em\u00a0\u00bb ul_font=\u00a0\u00bb|700|||||||\u00a0\u00bb ul_line_height=\u00a0\u00bb2em\u00a0\u00bb ol_font=\u00a0\u00bb||||||||\u00a0\u00bb header_font=\u00a0\u00bb||||||||\u00a0\u00bb header_2_font=\u00a0\u00bbUbuntu|700|||||||\u00a0\u00bb header_2_font_size=\u00a0\u00bb40px\u00a0\u00bb header_2_line_height=\u00a0\u00bb1.4em\u00a0\u00bb header_3_font=\u00a0\u00bb||||||||\u00a0\u00bb header_4_font=\u00a0\u00bb||||||||\u00a0\u00bb header_5_font=\u00a0\u00bb||||||||\u00a0\u00bb header_6_font=\u00a0\u00bb||||||||\u00a0\u00bb hover_enabled=\u00a0\u00bb0&Prime; header_2_font_size_tablet=\u00a0\u00bb\u00a0\u00bb header_2_font_size_phone=\u00a0\u00bb24px\u00a0\u00bb header_2_font_size_last_edited=\u00a0\u00bbon|phone\u00a0\u00bb locked=\u00a0\u00bboff\u00a0\u00bb]<\/p>\n<p>Pourquoi commencer une carri\u00e8re avec\u00a0Entretien CleanNet Canada Inc.? Nous sommes une des entreprises grandissantes les plus rapides \u00e0 Montr\u00e9al et aux alentours. Nous nous propageons rapidement. Nous avons une liste de clients qui grandit de plus en plus et nous sommes toujours \u00e0 la recherche de nettoyeurs exp\u00e9riment\u00e9s pour rejoindre notre \u00e9quipe de professionnels. Veuillez noter que tous les employ\u00e9s chez\u00a0Entretien CleanNet Canada Inc.\u00a0passent un test de d\u00e9pistage pour les substances illicites et une v\u00e9rification des ant\u00e9c\u00e9dents judiciaires n\u00e9cessaire \u00e0 l\u2019embauche.<\/p>\n<p>Travailler chez\u00a0Entretien CleanNet Canada Inc. signifie travailler avec les contracteurs de nettoyage \u00e0 la t\u00eate de la comp\u00e9tition \u00e0 Montr\u00e9al et aux alentours. Nous avons gagn\u00e9 plusieurs prix pour nos pratiques d\u2019embauche, nous valorisons sinc\u00e8rement chacun de nos employ\u00e9s et leur contribution au succ\u00e8s de notre compagnie. Nous sommes fiers de notre r\u00e9putation excellente et nous vous encourageons \u00e0 apprendre davantage sur les opportunit\u00e9s chez\u00a0Entretien CleanNet Canada Inc.<\/p>\n<p><strong>\u00a0<\/strong><\/p>\n<p>Si tu es fiable, amicale, travaillant, digne de confiance, minutieux et professionnel<\/p>\n<p>-Entretien CleanNet Canada Inc. est la place pour TOI!<\/p>\n<p>Si tu es int\u00e9ress\u00e9 \u00e0 avoir un horaire flexible, aime rester actif, a une passion \u00e0 garder les choses propres et d\u00e9sires une paye comp\u00e9titive-\u00a0Entretien CleanNet Canada Inc. est la place pour TOI!<\/p>\n<p>Nous avons une \u00e9quipe exp\u00e9riment\u00e9e, aidante, formatrice, inspirante et qui te guidera vers la route de succ\u00e8s. Nous travaillons fort afin de d\u00e9livrer un service exceptionnel et nous nous engageons \u00e0 t\u2019aider \u00e0 faire de m\u00eame.<\/p>\n<p>[\/et_pb_text][\/et_pb_column][\/et_pb_row][et_pb_row column_structure=\u00a0\u00bb1_2,1_2&Prime; make_equal=\u00a0\u00bbon\u00a0\u00bb padding_top_bottom_link_1=\u00a0\u00bbtrue\u00a0\u00bb padding_left_right_link_1=\u00a0\u00bbfalse\u00a0\u00bb _builder_version=\u00a0\u00bb3.27.4&Prime; background_color_gradient_direction=\u00a0\u00bb90deg\u00a0\u00bb custom_padding=\u00a0\u00bb0|0px|0|0px|true|false\u00a0\u00bb][et_pb_column type=\u00a0\u00bb1_2&Prime; _builder_version=\u00a0\u00bb3.25&Prime; custom_padding=\u00a0\u00bb60px||60px|\u00a0\u00bb custom_padding_tablet=\u00a0\u00bb0%||0%||true\u00a0\u00bb custom_padding_phone=\u00a0\u00bb0%||0%|\u00a0\u00bb custom_padding_last_edited=\u00a0\u00bboff|desktop\u00a0\u00bb padding_phone=\u00a0\u00bb0%||0%|\u00a0\u00bb padding_tablet=\u00a0\u00bb0%||0%||true\u00a0\u00bb padding_last_edited=\u00a0\u00bboff|desktop\u00a0\u00bb custom_padding__hover=\u00a0\u00bb|||\u00a0\u00bb][et_pb_text _builder_version=\u00a0\u00bb4.2.2&Prime; text_font=\u00a0\u00bb||||||||\u00a0\u00bb text_font_size=\u00a0\u00bb15px\u00a0\u00bb text_line_height=\u00a0\u00bb2em\u00a0\u00bb ul_font=\u00a0\u00bb|700|||||||\u00a0\u00bb ul_line_height=\u00a0\u00bb2em\u00a0\u00bb ol_font=\u00a0\u00bb||||||||\u00a0\u00bb header_font=\u00a0\u00bb||||||||\u00a0\u00bb header_2_font=\u00a0\u00bbUbuntu|700|||||||\u00a0\u00bb header_2_font_size=\u00a0\u00bb40px\u00a0\u00bb header_2_line_height=\u00a0\u00bb1.4em\u00a0\u00bb header_3_font=\u00a0\u00bb||||||||\u00a0\u00bb header_4_font=\u00a0\u00bb||||||||\u00a0\u00bb header_5_font=\u00a0\u00bb||||||||\u00a0\u00bb header_6_font=\u00a0\u00bb||||||||\u00a0\u00bb hover_enabled=\u00a0\u00bb0&Prime; header_2_font_size_tablet=\u00a0\u00bb\u00a0\u00bb header_2_font_size_phone=\u00a0\u00bb24px\u00a0\u00bb header_2_font_size_last_edited=\u00a0\u00bbon|phone\u00a0\u00bb]<\/p>\n<h2>Opportunit\u00e9 d\u2019embauche \u00e9quitable<\/h2>\n<p>Entretien CleanNet Canada Inc. fournis des opportunit\u00e9s d\u2019embauche \u00e9quitable \u00e0 tous les employ\u00e9s et candidats sans \u00e9gard \u00e0 la race, la couleur, la religion, le sexe, l\u2019origine, l\u2019\u00e2ge, le handicap ou le bagage g\u00e9n\u00e9tique.<\/p>\n<p>Entretien CleanNet Canada Inc. interdit toute forme d\u2019harc\u00e8lement bas\u00e9 sur la race, la couleur, la religion, le sexe, l\u2019orientation sexuelle, l\u2019identit\u00e9 sexuelle, l\u2019origine, l\u2019\u00e2ge, l\u2019information g\u00e9n\u00e9tique, le handicap, statue d\u2019anciennet\u00e9.<\/p>\n<p>Une interf\u00e9rence n\u00e9gative avec les employ\u00e9s de\u00a0Entretien CleanNet Canada Inc affectant leur performance au travail peut engendrer une cons\u00e9quence disciplinaire et la cessation de l\u2019emploi.<\/p>\n<p>&nbsp;<\/p>\n<p>[\/et_pb_text][\/et_pb_column][et_pb_column type=\u00a0\u00bb1_2&Prime; _builder_version=\u00a0\u00bb3.27.4&Prime; background_image=\u00a0\u00bbhttps:\/\/cleannetcanada.ca\/wp-content\/uploads\/2019\/12\/thumbsup.jpg\u00a0\u00bb background_size=\u00a0\u00bbinitial\u00a0\u00bb custom_padding=\u00a0\u00bb|||\u00a0\u00bb custom_padding__hover=\u00a0\u00bb|||\u00a0\u00bb][et_pb_divider show_divider=\u00a0\u00bboff\u00a0\u00bb _builder_version=\u00a0\u00bb3.12.2&Prime; height=\u00a0\u00bb300px\u00a0\u00bb][\/et_pb_divider][\/et_pb_column][\/et_pb_row][\/et_pb_section][et_pb_section fb_built=\u00a0\u00bb1&Prime; admin_label=\u00a0\u00bbFooter\u00a0\u00bb _builder_version=\u00a0\u00bb3.27.4&Prime; use_background_color_gradient=\u00a0\u00bbon\u00a0\u00bb background_color_gradient_start=\u00a0\u00bb#242424&Prime; background_color_gradient_end=\u00a0\u00bb#8f8f8f\u00a0\u00bb background_color_gradient_direction=\u00a0\u00bb90deg\u00a0\u00bb max_width=\u00a0\u00bb90%\u00a0\u00bb max_width_tablet=\u00a0\u00bb90%\u00a0\u00bb max_width_phone=\u00a0\u00bb100%\u00a0\u00bb max_width_last_edited=\u00a0\u00bbon|phone\u00a0\u00bb module_alignment=\u00a0\u00bbright\u00a0\u00bb custom_margin=\u00a0\u00bb|||\u00a0\u00bb custom_margin_last_edited=\u00a0\u00bboff|desktop\u00a0\u00bb animation_style=\u00a0\u00bbslide\u00a0\u00bb animation_direction=\u00a0\u00bbright\u00a0\u00bb animation_intensity_slide=\u00a0\u00bb5%\u00a0\u00bb border_radii=\u00a0\u00bbon|6px|6px|6px|6px\u00a0\u00bb box_shadow_style=\u00a0\u00bbpreset4&Prime; box_shadow_horizontal=\u00a0\u00bb20px\u00a0\u00bb box_shadow_vertical=\u00a0\u00bb-20px\u00a0\u00bb box_shadow_color=\u00a0\u00bbrgba(0,0,0,0.26)\u00a0\u00bb saved_tabs=\u00a0\u00bball\u00a0\u00bb][et_pb_row _builder_version=\u00a0\u00bb3.25&Prime;][et_pb_column type=\u00a0\u00bb4_4&Prime; _builder_version=\u00a0\u00bb3.25&Prime; custom_padding=\u00a0\u00bb|||\u00a0\u00bb custom_padding__hover=\u00a0\u00bb|||\u00a0\u00bb][et_pb_cta button_url=\u00a0\u00bbmailto:info@cleannetcanada.ca\u00a0\u00bb button_text=\u00a0\u00bbEnvoyer votre CV\u00a0\u00bb _builder_version=\u00a0\u00bb4.2.1&Prime; header_level=\u00a0\u00bbh4&Prime; header_font=\u00a0\u00bbUbuntu|700|||||||\u00a0\u00bb header_font_size=\u00a0\u00bb40px\u00a0\u00bb header_line_height=\u00a0\u00bb1.4em\u00a0\u00bb body_font=\u00a0\u00bbUbuntu|700|||||||\u00a0\u00bb body_font_size=\u00a0\u00bb22px\u00a0\u00bb body_line_height=\u00a0\u00bb1.5em\u00a0\u00bb background_color=\u00a0\u00bbrgba(126,190,197,0)\u00a0\u00bb custom_button=\u00a0\u00bbon\u00a0\u00bb button_text_size=\u00a0\u00bb18px\u00a0\u00bb button_text_color=\u00a0\u00bb#ffffff\u00a0\u00bb button_bg_color=\u00a0\u00bb#e02b20&Prime; button_border_width=\u00a0\u00bb10px\u00a0\u00bb button_border_color=\u00a0\u00bb#e02b20&Prime; button_border_radius=\u00a0\u00bb0px\u00a0\u00bb button_font=\u00a0\u00bbUbuntu|700|||||||\u00a0\u00bb header_font_size_tablet=\u00a0\u00bb\u00a0\u00bb header_font_size_phone=\u00a0\u00bb24px\u00a0\u00bb header_font_size_last_edited=\u00a0\u00bbon|phone\u00a0\u00bb button_border_radius_hover=\u00a0\u00bb0px\u00a0\u00bb button_text_size__hover_enabled=\u00a0\u00bboff\u00a0\u00bb button_one_text_size__hover_enabled=\u00a0\u00bboff\u00a0\u00bb button_two_text_size__hover_enabled=\u00a0\u00bboff\u00a0\u00bb button_text_color__hover_enabled=\u00a0\u00bboff\u00a0\u00bb button_one_text_color__hover_enabled=\u00a0\u00bboff\u00a0\u00bb button_two_text_color__hover_enabled=\u00a0\u00bboff\u00a0\u00bb button_border_width__hover_enabled=\u00a0\u00bboff\u00a0\u00bb button_one_border_width__hover_enabled=\u00a0\u00bboff\u00a0\u00bb button_two_border_width__hover_enabled=\u00a0\u00bboff\u00a0\u00bb button_border_color__hover_enabled=\u00a0\u00bboff\u00a0\u00bb button_one_border_color__hover_enabled=\u00a0\u00bboff\u00a0\u00bb button_two_border_color__hover_enabled=\u00a0\u00bboff\u00a0\u00bb button_border_radius__hover_enabled=\u00a0\u00bbon\u00a0\u00bb button_border_radius__hover=\u00a0\u00bb0px\u00a0\u00bb button_one_border_radius__hover_enabled=\u00a0\u00bboff\u00a0\u00bb button_two_border_radius__hover_enabled=\u00a0\u00bboff\u00a0\u00bb button_letter_spacing__hover_enabled=\u00a0\u00bboff\u00a0\u00bb button_one_letter_spacing__hover_enabled=\u00a0\u00bboff\u00a0\u00bb button_two_letter_spacing__hover_enabled=\u00a0\u00bboff\u00a0\u00bb button_bg_color__hover_enabled=\u00a0\u00bboff\u00a0\u00bb button_one_bg_color__hover_enabled=\u00a0\u00bboff\u00a0\u00bb button_two_bg_color__hover_enabled=\u00a0\u00bboff\u00a0\u00bb]<strong>Nous vous remercions de l\u2019int\u00e9r\u00eat que vous portez \u00e0 nos opportunit\u00e9s de carri\u00e8re. N\u2019attendez pas pour commencer cette nouvelle carri\u00e8re passionnante. Soumettez votre curriculum vitae \u00e0 Cleannet Canada.<\/strong><\/p>\n<p><strong>\u00a0<\/strong>[\/et_pb_cta][\/et_pb_column][\/et_pb_row][\/et_pb_section]<\/p>\n","protected":false},"excerpt":{"rendered":"<p>N\u2019attend plus avant de commencer cette nouvelle et excitante carri\u00e8rePourquoi commencer une carri\u00e8re avec\u00a0Entretien CleanNet Canada Inc.? Nous sommes une des entreprises grandissantes les plus rapides \u00e0 Montr\u00e9al et aux alentours. Nous nous propageons rapidement. Nous avons une liste de clients qui grandit de plus en plus et nous sommes toujours \u00e0 la recherche de [&hellip;]<\/p>\n","protected":false},"author":5,"featured_media":0,"parent":0,"menu_order":0,"comment_status":"closed","ping_status":"closed","template":"","meta":{"_et_pb_use_builder":"on","_et_pb_old_content":"","_et_gb_content_width":"","footnotes":""},"class_list":["post-510","page","type-page","status-publish","hentry"],"_links":{"self":[{"href":"https:\/\/cleannetcanada.ca\/fr\/wp-json\/wp\/v2\/pages\/510","targetHints":{"allow":["GET"]}}],"collection":[{"href":"https:\/\/cleannetcanada.ca\/fr\/wp-json\/wp\/v2\/pages"}],"about":[{"href":"https:\/\/cleannetcanada.ca\/fr\/wp-json\/wp\/v2\/types\/page"}],"author":[{"embeddable":true,"href":"https:\/\/cleannetcanada.ca\/fr\/wp-json\/wp\/v2\/users\/5"}],"replies":[{"embeddable":true,"href":"https:\/\/cleannetcanada.ca\/fr\/wp-json\/wp\/v2\/comments?post=510"}],"version-history":[{"count":0,"href":"https:\/\/cleannetcanada.ca\/fr\/wp-json\/wp\/v2\/pages\/510\/revisions"}],"wp:attachment":[{"href":"https:\/\/cleannetcanada.ca\/fr\/wp-json\/wp\/v2\/media?parent=510"}],"curies":[{"name":"wp","href":"https:\/\/api.w.org\/{rel}","templated":true}]}}